{"id":33,"date":"2024-12-05T11:45:39","date_gmt":"2024-12-05T11:45:39","guid":{"rendered":"https:\/\/skadminstage.peacetechnology.net\/?page_id=33"},"modified":"2026-01-23T10:13:02","modified_gmt":"2026-01-23T10:13:02","slug":"informations-sur-lentreprise","status":"publish","type":"page","link":"https:\/\/skmotorsdubai.com\/fr\/about-us\/corporate-info\/","title":{"rendered":"Informations sur l'entreprise"},"content":{"rendered":"<h5>Le voyage<\/h5>\n<h2>Qui sommes-nous ?<\/h2>\n<p>Fond\u00e9e en 1997 \u00e0 Sharjah, S.K. Motors \u00e9tait \u00e0 ses d\u00e9buts une petite start-up aux grandes ambitions. Malgr\u00e9 des ressources limit\u00e9es et un march\u00e9 tr\u00e8s concurrentiel, nous avons voulu devenir l'un des principaux exportateurs automobiles des \u00c9mirats arabes unis. En 2000, nous avons transf\u00e9r\u00e9 nos activit\u00e9s \u00e0 la Dubai Auto Zone, une r\u00e9orientation strat\u00e9gique qui nous a permis de nous d\u00e9velopper et de renforcer la confiance sur les march\u00e9s mondiaux.<\/p>\n<p>&nbsp;<\/p>\n<p>Aujourd'hui, S.K. Motors est une marque reconnue parmi les exportateurs automobiles, desservant des clients dans les pays du CCG, en Afrique, en Asie et ailleurs dans le monde. Du n\u00e9goce de v\u00e9hicules \u00e0 la conversion de v\u00e9hicules blind\u00e9s, nous proposons des solutions automobiles compl\u00e8tes alliant fiabilit\u00e9, qualit\u00e9 et valeur.<\/p>\n<p>&nbsp;<\/p>\n<h2>Ce que nous faisons<\/h2>\n<p>As one of the UAE\u2019s leading automobile exporters, S.K. Motors specializes in:<\/p>\n<ul>\n<li style=\"list-style-type: none;\">\n<ul>\n<li><strong>Exporting New &amp; Used Vehicles:<\/strong>\u00a0Une gamme compl\u00e8te de v\u00e9hicules, comprenant des voitures, des SUV, des camionnettes, des camions, des fourgonnettes et des v\u00e9hicules \u00e9lectriques (VE), achet\u00e9s aupr\u00e8s de grandes marques automobiles internationales pour r\u00e9pondre aux besoins de transport conventionnels et \u00e9cologiques.<\/li>\n<\/ul>\n<\/li>\n<\/ul>\n<p>&nbsp;<\/p>\n<ul>\n<li style=\"list-style-type: none;\">\n<ul>\n<li><strong>Armored &amp; Ambulance Vehicle Conversions:<\/strong>\u00a0Solutions sur mesure pour v\u00e9hicules blind\u00e9s et ambulances enti\u00e8rement \u00e9quip\u00e9es, adapt\u00e9es aux applications commerciales, d'urgence et de s\u00e9curit\u00e9.<\/li>\n<\/ul>\n<\/li>\n<\/ul>\n<p>&nbsp;<\/p>\n<ul>\n<li><strong>Solutions de flotte :<\/strong>\u00a0Fourniture de commandes de v\u00e9hicules en gros pour les entreprises, les gouvernements et les ONG du monde entier.<\/li>\n<\/ul>\n<div class=\"text-center my-5\">\n<h5>Choisissez-nous<\/h5>\n<h2>Pourquoi S.K. Motors?<\/h2>\n<\/div>\n<div class=\"d-flex flex-wrap justify-content-center gap-3\">\n<div class=\"why-box-wrapper\">\n<div class=\"why-box\">\n<h6>Exportateurs automobiles de confiance<\/h6>\n<p>Avec plus de 25 ans d\u2019exp\u00e9rience, nous avons acquis une r\u00e9putation de qualit\u00e9 et de fiabilit\u00e9.<\/p>\n<\/div>\n<\/div>\n<div class=\"why-box-wrapper\">\n<div class=\"why-box\">\n<h6>Service ax\u00e9 sur le client<\/h6>\n<p>Notre \u00e9quipe multilingue et comp\u00e9tente garantit un processus fluide, de la demande \u00e0 la livraison et au-del\u00e0.<\/p>\n<\/div>\n<\/div>\n<div class=\"why-box-wrapper\">\n<div class=\"why-box\">\n<h6>Electric &amp; Eco-Friendly Vehicles<\/h6>\n<p>R\u00e9pondre \u00e0 la transition mondiale vers le transport vert avec une gamme croissante de v\u00e9hicules \u00e9lectriques.<\/p>\n<\/div>\n<h2>Recognition &amp; Accolades<\/h2>\n<p><strong>&#8220;Re-Exporter of the Year&#8221;<\/strong>\u00a0par le gouvernement des \u00c9mirats arabes unis en 2014, une \u00e9tape importante qui refl\u00e8te notre d\u00e9vouement et notre impact en tant que l\u2019un des principaux exportateurs automobiles de la r\u00e9gion.<\/p>\n<p>\u00c9galement reconnu par des organisations telles que Dubai Customs, Dubai Auto Freezone, Globelink, Foton et d'autres.<\/p>\n<\/div>\n<div class=\"text-center py-5 px-3 px-md-0\">\n<h2 class=\"responsive-heading\"><a href=\"tel:+971502889475\">+971502889475<\/a><\/h2>\n<p>Avez-vous des questions?<\/p>\n<h4><a href=\"https:\/\/skmotorsdubai.com\/fr\/nous-contacter\/\">Click Here to Get In Touch With Us About Your Automotive Needs Today!<\/a><\/h4>\n<\/div>\n<section><\/section>\n<footer id=\"footer\" class=\"footerback\">\n<div class=\"cscontainer\">\n<div class=\"row gy-4\">\n<div class=\"col-lg-3 col-md-6 footer-contact footercontactsection\">\n<h3 class=\"text-white footer-heading\"><\/h3>\n<\/div>\n<\/div>\n<\/div>\n<\/footer>\n<\/div>","protected":false},"excerpt":{"rendered":"<p>The Journey Who We Are Founded in 1997 in Sharjah, S.K. Motors began as a small startup with big ambitions. Despite limited resources and a highly competitive market, we set out to become one of the leading automobile exporters in the UAE. In 2000, we moved our operations to Dubai Auto Zone\u2014a strategic shift that [&hellip;]<\/p>\n","protected":false},"author":1,"featured_media":30960,"parent":29,"menu_order":0,"comment_status":"closed","ping_status":"closed","template":"corporat.php","meta":{"footnotes":""},"class_list":["post-33","page","type-page","status-publish","has-post-thumbnail","hentry"],"_links":{"self":[{"href":"https:\/\/skmotorsdubai.com\/fr\/wp-json\/wp\/v2\/pages\/33","targetHints":{"allow":["GET"]}}],"collection":[{"href":"https:\/\/skmotorsdubai.com\/fr\/wp-json\/wp\/v2\/pages"}],"about":[{"href":"https:\/\/skmotorsdubai.com\/fr\/wp-json\/wp\/v2\/types\/page"}],"author":[{"embeddable":true,"href":"https:\/\/skmotorsdubai.com\/fr\/wp-json\/wp\/v2\/users\/1"}],"replies":[{"embeddable":true,"href":"https:\/\/skmotorsdubai.com\/fr\/wp-json\/wp\/v2\/comments?post=33"}],"version-history":[{"count":4,"href":"https:\/\/skmotorsdubai.com\/fr\/wp-json\/wp\/v2\/pages\/33\/revisions"}],"predecessor-version":[{"id":25869,"href":"https:\/\/skmotorsdubai.com\/fr\/wp-json\/wp\/v2\/pages\/33\/revisions\/25869"}],"up":[{"embeddable":true,"href":"https:\/\/skmotorsdubai.com\/fr\/wp-json\/wp\/v2\/pages\/29"}],"wp:featuredmedia":[{"embeddable":true,"href":"https:\/\/skmotorsdubai.com\/fr\/wp-json\/wp\/v2\/media\/30960"}],"wp:attachment":[{"href":"https:\/\/skmotorsdubai.com\/fr\/wp-json\/wp\/v2\/media?parent=33"}],"curies":[{"name":"wp","href":"https:\/\/api.w.org\/{rel}","templated":true}]}}