{"id":33,"date":"2024-12-05T11:45:39","date_gmt":"2024-12-05T11:45:39","guid":{"rendered":"https:\/\/skadminstage.peacetechnology.net\/?page_id=33"},"modified":"2026-01-23T10:13:02","modified_gmt":"2026-01-23T10:13:02","slug":"informacoes-sobre-a-empresa","status":"publish","type":"page","link":"https:\/\/skmotorsdubai.com\/pt\/about-us\/corporate-info\/","title":{"rendered":"Informa\u00e7\u00f5es sobre a empresa"},"content":{"rendered":"<h5>A viagem<\/h5>\n<h2>Quem somos<\/h2>\n<p>Fundada em 1997 em Sharjah, a S.K. Motors come\u00e7ou como uma pequena startup com grandes ambi\u00e7\u00f5es. Apesar dos recursos limitados e de um mercado altamente competitivo, nos propusemos a nos tornar uma das principais exportadoras de autom\u00f3veis dos Emirados \u00c1rabes Unidos. Em 2000, transferimos nossas opera\u00e7\u00f5es para a Dubai Auto Zone \u2014 uma mudan\u00e7a estrat\u00e9gica que nos ajudou a crescer e a construir confian\u00e7a em mercados globais.<\/p>\n<p>&nbsp;<\/p>\n<p>Hoje, a S.K. Motors \u00e9 um nome reconhecido entre os exportadores de autom\u00f3veis, atendendo clientes em todo o Conselho de Coopera\u00e7\u00e3o do Golfo (GCC), \u00c1frica, \u00c1sia e outras regi\u00f5es internacionais. Da comercializa\u00e7\u00e3o de ve\u00edculos \u00e0 convers\u00e3o de ve\u00edculos blindados, oferecemos solu\u00e7\u00f5es automotivas completas que proporcionam confiabilidade, qualidade e valor.<\/p>\n<p>&nbsp;<\/p>\n<h2>O que fazemos<\/h2>\n<p>As one of the UAE\u2019s leading automobile exporters, S.K. Motors specializes in:<\/p>\n<ul>\n<li style=\"list-style-type: none;\">\n<ul>\n<li><strong>Exporting New &amp; Used Vehicles:<\/strong>\u00a0Uma gama abrangente de ve\u00edculos \u2014 incluindo carros, SUVs, picapes, caminh\u00f5es, vans e ve\u00edculos el\u00e9tricos (VEs) \u2014 adquiridos de marcas automotivas internacionais l\u00edderes para atender \u00e0s necessidades de transporte convencionais e ecol\u00f3gicos.<\/li>\n<\/ul>\n<\/li>\n<\/ul>\n<p>&nbsp;<\/p>\n<ul>\n<li style=\"list-style-type: none;\">\n<ul>\n<li><strong>Armored &amp; Ambulance Vehicle Conversions:<\/strong>\u00a0Solu\u00e7\u00f5es personalizadas para ve\u00edculos blindados e ambul\u00e2ncias totalmente equipadas, adaptadas para aplica\u00e7\u00f5es comerciais, de emerg\u00eancia e de seguran\u00e7a.<\/li>\n<\/ul>\n<\/li>\n<\/ul>\n<p>&nbsp;<\/p>\n<ul>\n<li><strong>Solu\u00e7\u00f5es de Frota:<\/strong>\u00a0Fornecendo pedidos de ve\u00edculos em grandes quantidades para clientes corporativos, governamentais e ONGs no mundo todo.<\/li>\n<\/ul>\n<div class=\"text-center my-5\">\n<h5>Escolha-nos<\/h5>\n<h2>Por que S.K. Motors?<\/h2>\n<\/div>\n<div class=\"d-flex flex-wrap justify-content-center gap-3\">\n<div class=\"why-box-wrapper\">\n<div class=\"why-box\">\n<h6>Exportadores de autom\u00f3veis confi\u00e1veis<\/h6>\n<p>Com mais de 25 anos de experi\u00eancia, conquistamos a reputa\u00e7\u00e3o de oferecer qualidade e confiabilidade.<\/p>\n<\/div>\n<\/div>\n<div class=\"why-box-wrapper\">\n<div class=\"why-box\">\n<h6>Servi\u00e7o focado no cliente<\/h6>\n<p>Nossa equipe multil\u00edngue e experiente garante um processo tranquilo, da consulta \u00e0 entrega e al\u00e9m.<\/p>\n<\/div>\n<\/div>\n<div class=\"why-box-wrapper\">\n<div class=\"why-box\">\n<h6>Electric &amp; Eco-Friendly Vehicles<\/h6>\n<p>Atendendo \u00e0 mudan\u00e7a global para o transporte verde com uma gama crescente de ve\u00edculos el\u00e9tricos.<\/p>\n<\/div>\n<h2>Recognition &amp; Accolades<\/h2>\n<p><strong>&#8220;Re-Exporter of the Year&#8221;<\/strong>\u00a0pelo Governo dos Emirados \u00c1rabes Unidos em 2014 \u2014 um marco que reflete nossa dedica\u00e7\u00e3o e impacto como um dos maiores exportadores de autom\u00f3veis da regi\u00e3o.<\/p>\n<p>Tamb\u00e9m reconhecido por organiza\u00e7\u00f5es como Dubai Customs, Dubai Auto Freezone, Globelink, Foton e outras.<\/p>\n<\/div>\n<div class=\"text-center py-5 px-3 px-md-0\">\n<h2 class=\"responsive-heading\"><a href=\"tel:+971502889475\">+971502889475<\/a><\/h2>\n<p>Voc\u00ea tem alguma pergunta?<\/p>\n<h4><a href=\"https:\/\/skmotorsdubai.com\/pt\/contactar-nos\/\">Click Here to Get In Touch With Us About Your Automotive Needs Today!<\/a><\/h4>\n<\/div>\n<section><\/section>\n<footer id=\"footer\" class=\"footerback\">\n<div class=\"cscontainer\">\n<div class=\"row gy-4\">\n<div class=\"col-lg-3 col-md-6 footer-contact footercontactsection\">\n<h3 class=\"text-white footer-heading\"><\/h3>\n<\/div>\n<\/div>\n<\/div>\n<\/footer>\n<\/div>","protected":false},"excerpt":{"rendered":"<p>The Journey Who We Are Founded in 1997 in Sharjah, S.K. Motors began as a small startup with big ambitions. Despite limited resources and a highly competitive market, we set out to become one of the leading automobile exporters in the UAE. In 2000, we moved our operations to Dubai Auto Zone\u2014a strategic shift that [&hellip;]<\/p>\n","protected":false},"author":1,"featured_media":30960,"parent":29,"menu_order":0,"comment_status":"closed","ping_status":"closed","template":"corporat.php","meta":{"footnotes":""},"class_list":["post-33","page","type-page","status-publish","has-post-thumbnail","hentry"],"_links":{"self":[{"href":"https:\/\/skmotorsdubai.com\/pt\/wp-json\/wp\/v2\/pages\/33","targetHints":{"allow":["GET"]}}],"collection":[{"href":"https:\/\/skmotorsdubai.com\/pt\/wp-json\/wp\/v2\/pages"}],"about":[{"href":"https:\/\/skmotorsdubai.com\/pt\/wp-json\/wp\/v2\/types\/page"}],"author":[{"embeddable":true,"href":"https:\/\/skmotorsdubai.com\/pt\/wp-json\/wp\/v2\/users\/1"}],"replies":[{"embeddable":true,"href":"https:\/\/skmotorsdubai.com\/pt\/wp-json\/wp\/v2\/comments?post=33"}],"version-history":[{"count":4,"href":"https:\/\/skmotorsdubai.com\/pt\/wp-json\/wp\/v2\/pages\/33\/revisions"}],"predecessor-version":[{"id":25869,"href":"https:\/\/skmotorsdubai.com\/pt\/wp-json\/wp\/v2\/pages\/33\/revisions\/25869"}],"up":[{"embeddable":true,"href":"https:\/\/skmotorsdubai.com\/pt\/wp-json\/wp\/v2\/pages\/29"}],"wp:featuredmedia":[{"embeddable":true,"href":"https:\/\/skmotorsdubai.com\/pt\/wp-json\/wp\/v2\/media\/30960"}],"wp:attachment":[{"href":"https:\/\/skmotorsdubai.com\/pt\/wp-json\/wp\/v2\/media?parent=33"}],"curies":[{"name":"wp","href":"https:\/\/api.w.org\/{rel}","templated":true}]}}